{"id":6,"date":"2021-11-05T18:10:56","date_gmt":"2021-11-05T18:10:56","guid":{"rendered":"https:\/\/audfincon.live-website.com\/willkommen-auf-https-audfincon-live-website-com-2"},"modified":"2021-11-05T20:07:43","modified_gmt":"2021-11-05T20:07:43","slug":"willkommen-auf-https-audfincon-de","status":"publish","type":"page","link":"https:\/\/audit-finance-consulting.de\/","title":{"rendered":"Startseite"},"content":{"rendered":"\n<div class=\"wp-block-cover alignfull has-background-background-color has-parallax\" style=\"background-image:url(https:\/\/audit-finance-consulting.de\/wp-content\/uploads\/2020\/08\/action-adventure-climbing-daylight-303040-1-scaled.jpg)\"><div class=\"wp-block-cover__inner-container is-layout-flow wp-block-cover-is-layout-flow\">\n<h1 class=\"has-background-color has-text-color wp-block-heading\">Sicherheit f\u00fcr Ihr Business.        <\/h1>\n\n\n\n<p class=\"has-text-color has-large-font-size has-background-color\">Audit  &#8211;  Finance  &#8211;  Consulting<\/p>\n<\/div><\/div>\n\n\n\n<div style=\"height:20px\" aria-hidden=\"true\" class=\"wp-block-spacer\"><\/div>\n\n\n\n<div class=\"wp-block-columns alignwide is-layout-flex wp-container-core-columns-is-layout-28f84493 wp-block-columns-is-layout-flex\">\n<div class=\"wp-block-column is-layout-flow wp-block-column-is-layout-flow\">\n<h3 class=\"has-text-align-left wp-block-heading\">Expertise<\/h3>\n\n\n\n<figure class=\"wp-block-image size-large\"><img loading=\"lazy\" decoding=\"async\" width=\"1024\" height=\"684\" src=\"https:\/\/audit-finance-consulting.de\/wp-content\/uploads\/2020\/08\/pexels-pixabay-259006-1-e1596624285357-1024x684.jpg\" alt=\"\" class=\"wp-image-106\" srcset=\"https:\/\/audit-finance-consulting.de\/wp-content\/uploads\/2020\/08\/pexels-pixabay-259006-1-e1596624285357-1024x684.jpg 1024w, https:\/\/audit-finance-consulting.de\/wp-content\/uploads\/2020\/08\/pexels-pixabay-259006-1-e1596624285357-300x200.jpg 300w, https:\/\/audit-finance-consulting.de\/wp-content\/uploads\/2020\/08\/pexels-pixabay-259006-1-e1596624285357-768x513.jpg 768w, https:\/\/audit-finance-consulting.de\/wp-content\/uploads\/2020\/08\/pexels-pixabay-259006-1-e1596624285357-1536x1026.jpg 1536w, https:\/\/audit-finance-consulting.de\/wp-content\/uploads\/2020\/08\/pexels-pixabay-259006-1-e1596624285357-1568x1047.jpg 1568w, https:\/\/audit-finance-consulting.de\/wp-content\/uploads\/2020\/08\/pexels-pixabay-259006-1-e1596624285357.jpg 1785w\" sizes=\"auto, (max-width: 1024px) 100vw, 1024px\" \/><\/figure>\n\n\n\n<p>Profitieren Sie von langj\u00e4hrigen Erfahrungen in der Unternehmensfinanzierung, Risikobewertung und Unternehmensorganisation. <\/p>\n<\/div>\n\n\n\n<div class=\"wp-block-column is-layout-flow wp-block-column-is-layout-flow\">\n<h3 class=\"has-text-align-left wp-block-heading\">Professionalit\u00e4t<\/h3>\n\n\n\n<figure class=\"wp-block-image size-large\"><img loading=\"lazy\" decoding=\"async\" width=\"1024\" height=\"683\" src=\"https:\/\/audit-finance-consulting.de\/wp-content\/uploads\/2020\/08\/pexels-burst-374720-1-1024x683.jpg\" alt=\"\" class=\"wp-image-107\"\/><\/figure>\n\n\n\n<p>Ihr zufriedener Kunde steht immer im Fokus. Um so wichtiger ist es, Risiken fr\u00fchzeitig zu identifizieren und gegenzusteuern.<\/p>\n<\/div>\n\n\n\n<div class=\"wp-block-column is-layout-flow wp-block-column-is-layout-flow\">\n<h3 class=\"has-text-align-left wp-block-heading\">Zuverl\u00e4ssigkeit<\/h3>\n\n\n\n<figure class=\"wp-block-image size-large\"><img loading=\"lazy\" decoding=\"async\" width=\"1024\" height=\"683\" src=\"https:\/\/audit-finance-consulting.de\/wp-content\/uploads\/2020\/08\/pexels-fauxels-3184418-1-1024x683.jpg\" alt=\"\" class=\"wp-image-108\"\/><\/figure>\n\n\n\n<p>Anforderungen an Finanzinstitute und deren Gesch\u00e4ftsmodelle werden permanent komplexer. Kompetente Netzwerkpartner unterst\u00fctzen Sie. <\/p>\n<\/div>\n<\/div>\n\n\n\n<blockquote class=\"wp-block-quote is-layout-flow wp-block-quote-is-layout-flow\"><p>Kreditmanagement wird nicht erst durch Corona zur entscheidenden Funktion in jedem Unternehmen. Wer jetzt seine Kreditrisiken nicht im Blick beh\u00e4lt und sein Forderungsmanagement nicht gut organisiert, geht schweren Zeiten entgegen.<\/p><\/blockquote>\n\n\n\n<div class=\"wp-block-columns alignwide is-layout-flex wp-container-core-columns-is-layout-28f84493 wp-block-columns-is-layout-flex\">\n<div class=\"wp-block-column is-layout-flow wp-block-column-is-layout-flow\">\n<p><strong>Audit. <\/strong>Factoringgesellschaften erwerben die kurzfristigen Forderungen aus Lieferungen und Leistungen von Unternehmen verschiedenster Branchen. Die Verit\u00e4t des finanzierten Forderungsbestandes ist dabei das wesentliche Kriterium f\u00fcr den Gesch\u00e4ftserfolg. Regelm\u00e4\u00dfige Audits geben die notwendige Sicherheit. <a href=\"https:\/\/audit-finance-consulting.de\/audit\">mehr&#8230;<\/a><\/p>\n<\/div>\n\n\n\n<div class=\"wp-block-column is-layout-flow wp-block-column-is-layout-flow\">\n<p><strong>Finance.<\/strong> Mittelst\u00e4ndischen Unternehmen stehen eine Vielzahl von Finanzierungsinstrumenten zur Verf\u00fcgung. Nicht Produkte sondern Ihre konkreten Anforderungen sind bei der Auswahl entscheidend. Passgenaue Finanzierungen dank unabh\u00e4ngiger Beratung, individuellen L\u00f6sungen und einem umfangreichen Netzwerk an Finanzierungspartnern.  <a href=\"https:\/\/audit-finance-consulting.de\/consulting-fuer-unternehmen\">mehr&#8230;<\/a><\/p>\n<\/div>\n\n\n\n<div class=\"wp-block-column is-layout-flow wp-block-column-is-layout-flow\">\n<p><strong>Consulting.<\/strong> Verst\u00e4rken Sie sich mit den Kompetenzen, die Sie f\u00fcr Ihr Business ben\u00f6tigen: Working-Capital-Management, Ablauf- und Organisationsstrukturen, Debitorenmanagement, Forderungsabsicherung- und -durchsetzung, Schulungen von Mitarbeiterinnen und Mitarbeitern zur Betrugspr\u00e4vention. <a href=\"https:\/\/audit-finance-consulting.de\/consulting\">mehr&#8230;<\/a><\/p>\n<\/div>\n<\/div>\n\n\n\n<div class=\"wp-block-group alignwide\"><div class=\"wp-block-group__inner-container is-layout-flow wp-block-group-is-layout-flow\">\n<div class=\"wp-block-group alignwide is-layout-flow wp-block-group-is-layout-flow\"><div class=\"wp-block-group__inner-container\"><\/div><\/div>\n<\/div><\/div>\n\n\n\n<p><\/p>\n","protected":false},"excerpt":{"rendered":"<p>Expertise Profitieren Sie von langj\u00e4hrigen Erfahrungen in der Unternehmensfinanzierung, Risikobewertung und Unternehmensorganisation. Professionalit\u00e4t Ihr zufriedener Kunde steht immer im Fokus. Um so wichtiger ist es, Risiken fr\u00fchzeitig zu identifizieren und<a class=\"more-link\" href=\"https:\/\/audit-finance-consulting.de\/\"><span class=\"screen-reader-text\">&#8222;Startseite&#8220;<\/span> weiterlesen<\/a><\/p>\n","protected":false},"author":1,"featured_media":0,"parent":0,"menu_order":0,"comment_status":"closed","ping_status":"closed","template":"","meta":{"footnotes":""},"class_list":["post-6","page","type-page","status-publish","hentry","entry"],"_links":{"self":[{"href":"https:\/\/audit-finance-consulting.de\/index.php?rest_route=\/wp\/v2\/pages\/6","targetHints":{"allow":["GET"]}}],"collection":[{"href":"https:\/\/audit-finance-consulting.de\/index.php?rest_route=\/wp\/v2\/pages"}],"about":[{"href":"https:\/\/audit-finance-consulting.de\/index.php?rest_route=\/wp\/v2\/types\/page"}],"author":[{"embeddable":true,"href":"https:\/\/audit-finance-consulting.de\/index.php?rest_route=\/wp\/v2\/users\/1"}],"replies":[{"embeddable":true,"href":"https:\/\/audit-finance-consulting.de\/index.php?rest_route=%2Fwp%2Fv2%2Fcomments&post=6"}],"version-history":[{"count":59,"href":"https:\/\/audit-finance-consulting.de\/index.php?rest_route=\/wp\/v2\/pages\/6\/revisions"}],"predecessor-version":[{"id":390,"href":"https:\/\/audit-finance-consulting.de\/index.php?rest_route=\/wp\/v2\/pages\/6\/revisions\/390"}],"wp:attachment":[{"href":"https:\/\/audit-finance-consulting.de\/index.php?rest_route=%2Fwp%2Fv2%2Fmedia&parent=6"}],"curies":[{"name":"wp","href":"https:\/\/api.w.org\/{rel}","templated":true}]}}